{"id":1197,"date":"2022-03-10T10:12:04","date_gmt":"2022-03-10T13:12:04","guid":{"rendered":"https:\/\/catedra.ing.unlp.edu.ar\/medidas\/?page_id=1197"},"modified":"2026-04-01T18:14:43","modified_gmt":"2026-04-01T21:14:43","slug":"unidad-tematica-nro-2","status":"publish","type":"page","link":"https:\/\/catedra.ing.unlp.edu.ar\/medidas\/unidad-tematica-nro-2\/","title":{"rendered":"Unidad Tem\u00e1tica Nro. 2"},"content":{"rendered":"\n<p><a href=\"https:\/\/catedra.ing.unlp.edu.ar\/medidas\/wp-content\/uploads\/2022\/03\/D6-2022-1.pdf\">D6: Instrumentos Digitales (Parte 1)<\/a><\/p>\n\n\n\n<p><a href=\"https:\/\/catedra.ing.unlp.edu.ar\/medidas\/wp-content\/uploads\/2022\/03\/D7-2022-1.pdf\">D7: Instrumentos Digitales (Parte 2)<\/a><\/p>\n\n\n\n<p><a href=\"https:\/\/catedra.ing.unlp.edu.ar\/medidas\/wp-content\/uploads\/2025\/10\/D8-2025.pdf\" title=\"\">D8: Instrumentos Digitales (Parte 3) &#8211; Seguridad<\/a><\/p>\n\n\n\n<p><a href=\"https:\/\/catedra.ing.unlp.edu.ar\/medidas\/wp-content\/uploads\/2022\/09\/D6-AO-CAD_D7-DMM_Seguridad.zip\">Informaci\u00f3n complementaria<\/a><\/p>\n\n\n\n<p><a href=\"https:\/\/youtube.com\/playlist?list=PL6E4AddTaIyWHYzJQOj0kUjKGTisL16En\">Videos de Cursos Anteriores<\/a><\/p>\n\n\n\n<p><a href=\"https:\/\/catedra.ing.unlp.edu.ar\/medidas\/wp-content\/uploads\/2026\/04\/TP2_2026.pdf\" title=\"\">Gu\u00eda del Trabajo Pr\u00e1ctico Nro.<\/a><a href=\"https:\/\/catedra.ing.unlp.edu.ar\/medidas\/wp-content\/uploads\/2026\/04\/TP2_2026.pdf\" title=\"\"><\/a><a href=\"https:\/\/catedra.ing.unlp.edu.ar\/medidas\/wp-content\/uploads\/2026\/03\/TP2_2026_v0.pdf\" title=\"\">2<\/a><\/p>\n\n\n\n<p><a href=\"https:\/\/catedra.ing.unlp.edu.ar\/medidas\/wp-content\/uploads\/2026\/04\/Gabinete-UT2-2026.pdf\" title=\"\">Gabinete del Trabajo Pr\u00e1ctico Nro. 2<\/a><\/p>\n\n\n\n<p><\/p>\n","protected":false},"excerpt":{"rendered":"<p>D6: Instrumentos Digitales (Parte 1) D7: Instrumentos Digitales (Parte 2) D8: Instrumentos Digitales (Parte 3) &#8211; Seguridad Informaci\u00f3n complementaria Videos de Cursos Anteriores Gu\u00eda del Trabajo Pr\u00e1ctico Nro.2 Gabinete del Trabajo Pr\u00e1ctico Nro. 2<\/p>\n","protected":false},"author":4,"featured_media":0,"parent":0,"menu_order":0,"comment_status":"closed","ping_status":"closed","template":"","meta":{"_monsterinsights_skip_tracking":false,"_monsterinsights_sitenote_active":false,"_monsterinsights_sitenote_note":"","_monsterinsights_sitenote_category":0,"_themeisle_gutenberg_block_has_review":false,"footnotes":""},"class_list":["post-1197","page","type-page","status-publish","hentry"],"aioseo_notices":[],"_links":{"self":[{"href":"https:\/\/catedra.ing.unlp.edu.ar\/medidas\/wp-json\/wp\/v2\/pages\/1197","targetHints":{"allow":["GET"]}}],"collection":[{"href":"https:\/\/catedra.ing.unlp.edu.ar\/medidas\/wp-json\/wp\/v2\/pages"}],"about":[{"href":"https:\/\/catedra.ing.unlp.edu.ar\/medidas\/wp-json\/wp\/v2\/types\/page"}],"author":[{"embeddable":true,"href":"https:\/\/catedra.ing.unlp.edu.ar\/medidas\/wp-json\/wp\/v2\/users\/4"}],"replies":[{"embeddable":true,"href":"https:\/\/catedra.ing.unlp.edu.ar\/medidas\/wp-json\/wp\/v2\/comments?post=1197"}],"version-history":[{"count":16,"href":"https:\/\/catedra.ing.unlp.edu.ar\/medidas\/wp-json\/wp\/v2\/pages\/1197\/revisions"}],"predecessor-version":[{"id":1845,"href":"https:\/\/catedra.ing.unlp.edu.ar\/medidas\/wp-json\/wp\/v2\/pages\/1197\/revisions\/1845"}],"wp:attachment":[{"href":"https:\/\/catedra.ing.unlp.edu.ar\/medidas\/wp-json\/wp\/v2\/media?parent=1197"}],"curies":[{"name":"wp","href":"https:\/\/api.w.org\/{rel}","templated":true}]}}