{"id":1199,"date":"2022-03-10T10:12:04","date_gmt":"2022-03-10T13:12:04","guid":{"rendered":"https:\/\/catedra.ing.unlp.edu.ar\/medidas\/?page_id=1199"},"modified":"2024-10-14T16:11:14","modified_gmt":"2024-10-14T19:11:14","slug":"unidad-tematica-nro-3","status":"publish","type":"page","link":"https:\/\/catedra.ing.unlp.edu.ar\/medidas\/unidad-tematica-nro-3\/","title":{"rendered":"Unidad Tem\u00e1tica Nro. 3"},"content":{"rendered":"\n<p><a href=\"https:\/\/catedra.ing.unlp.edu.ar\/medidas\/wp-content\/uploads\/2022\/04\/D9-2022-1.pdf\">D9: Mediciones de potencia en Sistemas Mono y Trif\u00e1sicos (Parte 1)<\/a><\/p>\n\n\n\n<p><a href=\"https:\/\/catedra.ing.unlp.edu.ar\/medidas\/wp-content\/uploads\/2024\/10\/D10-Medicion-de-Potencia-en-CA-Parte-2.pdf\" title=\"\">D10: Mediciones de potencia en Sistemas Mono y Trif\u00e1sicos (Parte 2)<\/a><\/p>\n\n\n\n<p><a href=\"https:\/\/youtube.com\/playlist?list=PL6E4AddTaIyX3Tye-T3npyRHysJBpiAEa\">Videos de Cursos anteriores<\/a><\/p>\n\n\n\n<p><a href=\"https:\/\/catedra.ing.unlp.edu.ar\/medidas\/wp-content\/uploads\/2022\/04\/D9-D10_Potencia.CA_.zip\">Informaci\u00f3n complementaria<\/a><\/p>\n\n\n\n<p><a href=\"https:\/\/catedra.ing.unlp.edu.ar\/medidas\/wp-content\/uploads\/2024\/03\/TP3_2024.pdf\" title=\"\">Gu\u00eda del Trabajo Pr\u00e1ctico Nro. 3<\/a><\/p>\n\n\n\n<p><a href=\"https:\/\/catedra.ing.unlp.edu.ar\/medidas\/wp-content\/uploads\/2022\/05\/TP3_2022-1_Gabinete.pdf\">Gabinete del Trabajo Pr\u00e1ctico Nro. 3<\/a><\/p>\n","protected":false},"excerpt":{"rendered":"<p>D9: Mediciones de potencia en Sistemas Mono y Trif\u00e1sicos (Parte 1) D10: Mediciones de potencia en Sistemas Mono y Trif\u00e1sicos (Parte 2) Videos de Cursos anteriores Informaci\u00f3n complementaria Gu\u00eda del Trabajo Pr\u00e1ctico Nro. 3 Gabinete del Trabajo Pr\u00e1ctico Nro. 3<\/p>\n","protected":false},"author":4,"featured_media":0,"parent":0,"menu_order":0,"comment_status":"closed","ping_status":"closed","template":"","meta":{"_monsterinsights_skip_tracking":false,"_monsterinsights_sitenote_active":false,"_monsterinsights_sitenote_note":"","_monsterinsights_sitenote_category":0,"_themeisle_gutenberg_block_has_review":false,"footnotes":""},"class_list":["post-1199","page","type-page","status-publish","hentry"],"aioseo_notices":[],"_links":{"self":[{"href":"https:\/\/catedra.ing.unlp.edu.ar\/medidas\/wp-json\/wp\/v2\/pages\/1199","targetHints":{"allow":["GET"]}}],"collection":[{"href":"https:\/\/catedra.ing.unlp.edu.ar\/medidas\/wp-json\/wp\/v2\/pages"}],"about":[{"href":"https:\/\/catedra.ing.unlp.edu.ar\/medidas\/wp-json\/wp\/v2\/types\/page"}],"author":[{"embeddable":true,"href":"https:\/\/catedra.ing.unlp.edu.ar\/medidas\/wp-json\/wp\/v2\/users\/4"}],"replies":[{"embeddable":true,"href":"https:\/\/catedra.ing.unlp.edu.ar\/medidas\/wp-json\/wp\/v2\/comments?post=1199"}],"version-history":[{"count":6,"href":"https:\/\/catedra.ing.unlp.edu.ar\/medidas\/wp-json\/wp\/v2\/pages\/1199\/revisions"}],"predecessor-version":[{"id":1698,"href":"https:\/\/catedra.ing.unlp.edu.ar\/medidas\/wp-json\/wp\/v2\/pages\/1199\/revisions\/1698"}],"wp:attachment":[{"href":"https:\/\/catedra.ing.unlp.edu.ar\/medidas\/wp-json\/wp\/v2\/media?parent=1199"}],"curies":[{"name":"wp","href":"https:\/\/api.w.org\/{rel}","templated":true}]}}