{"id":1201,"date":"2022-03-10T10:12:04","date_gmt":"2022-03-10T13:12:04","guid":{"rendered":"https:\/\/catedra.ing.unlp.edu.ar\/medidas\/?page_id=1201"},"modified":"2025-06-25T13:58:42","modified_gmt":"2025-06-25T16:58:42","slug":"unidad-tematica-nro-4","status":"publish","type":"page","link":"https:\/\/catedra.ing.unlp.edu.ar\/medidas\/unidad-tematica-nro-4\/","title":{"rendered":"Unidad Tem\u00e1tica Nro. 4"},"content":{"rendered":"\n<p><a href=\"https:\/\/catedra.ing.unlp.edu.ar\/medidas\/wp-content\/uploads\/2023\/11\/D11-2023-1.pdf\" title=\"\">D11: Osciloscopios anal\u00f3gicos y digitales (Parte 1)<\/a><\/p>\n\n\n\n<p><a href=\"https:\/\/catedra.ing.unlp.edu.ar\/medidas\/wp-content\/uploads\/2022\/05\/D12-2022-1.pdf\">D12: Osciloscopios anal\u00f3gicos y digitales (Parte 2)<\/a><\/p>\n\n\n\n<p><a href=\"https:\/\/catedra.ing.unlp.edu.ar\/medidas\/wp-content\/uploads\/2022\/11\/D13-2022.pdf\" title=\"\">D13: Osciloscopios anal\u00f3gicos y digitales (Parte 3).<\/a><\/p>\n\n\n\n<p><a href=\"https:\/\/catedra.ing.unlp.edu.ar\/medidas\/wp-content\/uploads\/2022\/11\/D14-2022.pdf\" title=\"\">D14: Interferencias en Sistemas de Medida<\/a><\/p>\n\n\n\n<p><a href=\"https:\/\/youtube.com\/playlist?list=PL6E4AddTaIyU38Tf1CIzYEyJdk-uN2_0i\">Videos de Cursos anteriores<\/a><\/p>\n\n\n\n<p><a href=\"https:\/\/catedra.ing.unlp.edu.ar\/medidas\/wp-content\/uploads\/2022\/11\/D11-D12-D13P_Osciloscopios.zip\" title=\"\">Informaci\u00f3n complementaria (Osciloscopios-1)<\/a><\/p>\n\n\n\n<p><a href=\"https:\/\/catedra.ing.unlp.edu.ar\/medidas\/wp-content\/uploads\/2022\/06\/D12-2022-1-Osciloscopios-Video_1.pptx\">Informaci\u00f3n Complementaria (Osciloscopios-2)<\/a><\/p>\n\n\n\n<p><a href=\"https:\/\/youtu.be\/wVXOIwtkFZk\">Informaci\u00f3n Complementaria (Osciloscopios-3)<\/a><\/p>\n\n\n\n<p><a href=\"https:\/\/catedra.ing.unlp.edu.ar\/medidas\/wp-content\/uploads\/2024\/11\/Medicion.Tiempo.Subida.Onda_.Cuadrada-CDA.pdf\" title=\"\">Medici\u00f3n del tiempo de subida de una onda cuadrada<\/a><\/p>\n\n\n\n<p><a href=\"https:\/\/catedra.ing.unlp.edu.ar\/medidas\/wp-content\/uploads\/2022\/11\/D14P_Interferencias-IV.zip\" title=\"\">Informaci\u00f3n complementaria (Interferencias)<\/a><\/p>\n\n\n\n<p><a href=\"https:\/\/catedra.ing.unlp.edu.ar\/medidas\/wp-content\/uploads\/2024\/03\/TP4_2024.pdf\" title=\"\">Gu\u00eda del Trabajo Pr\u00e1ctico Nro. 4<\/a><\/p>\n\n\n\n<p><a href=\"https:\/\/catedra.ing.unlp.edu.ar\/medidas\/wp-content\/uploads\/2025\/06\/Gabinete-UT4-Parte-1-22.pdf\" title=\"Gabinete Unidad Tem\u00e1tica 4 \u2013 Parte 1\">Gabinete del Trabajo Pr\u00e1ctico Nro. 4 &#8211; Parte 1<\/a><\/p>\n\n\n\n<p><a href=\"https:\/\/catedra.ing.unlp.edu.ar\/medidas\/wp-content\/uploads\/2025\/06\/Gabinete-UT4-Parte-2-2025-.pdf\" title=\"Gabinete Unidad Tem\u00e1tica 4 \u2013 Parte 2\">Gabinete del Trabajo Pr\u00e1ctico Nro. 4 &#8211; Parte 2<\/a><\/p>\n\n\n\n<p><\/p>\n","protected":false},"excerpt":{"rendered":"<p>D11: Osciloscopios anal\u00f3gicos y digitales (Parte 1) D12: Osciloscopios anal\u00f3gicos y digitales (Parte 2) D13: Osciloscopios anal\u00f3gicos y digitales (Parte 3). D14: Interferencias en Sistemas de Medida Videos de Cursos anteriores Informaci\u00f3n complementaria (Osciloscopios-1) Informaci\u00f3n Complementaria (Osciloscopios-2) Informaci\u00f3n Complementaria (Osciloscopios-3) Medici\u00f3n del tiempo de subida de una onda cuadrada Informaci\u00f3n [&hellip;]<\/p>\n","protected":false},"author":4,"featured_media":0,"parent":0,"menu_order":0,"comment_status":"closed","ping_status":"closed","template":"","meta":{"_monsterinsights_skip_tracking":false,"_monsterinsights_sitenote_active":false,"_monsterinsights_sitenote_note":"","_monsterinsights_sitenote_category":0,"_themeisle_gutenberg_block_has_review":false,"footnotes":""},"class_list":["post-1201","page","type-page","status-publish","hentry"],"aioseo_notices":[],"_links":{"self":[{"href":"https:\/\/catedra.ing.unlp.edu.ar\/medidas\/wp-json\/wp\/v2\/pages\/1201","targetHints":{"allow":["GET"]}}],"collection":[{"href":"https:\/\/catedra.ing.unlp.edu.ar\/medidas\/wp-json\/wp\/v2\/pages"}],"about":[{"href":"https:\/\/catedra.ing.unlp.edu.ar\/medidas\/wp-json\/wp\/v2\/types\/page"}],"author":[{"embeddable":true,"href":"https:\/\/catedra.ing.unlp.edu.ar\/medidas\/wp-json\/wp\/v2\/users\/4"}],"replies":[{"embeddable":true,"href":"https:\/\/catedra.ing.unlp.edu.ar\/medidas\/wp-json\/wp\/v2\/comments?post=1201"}],"version-history":[{"count":17,"href":"https:\/\/catedra.ing.unlp.edu.ar\/medidas\/wp-json\/wp\/v2\/pages\/1201\/revisions"}],"predecessor-version":[{"id":1733,"href":"https:\/\/catedra.ing.unlp.edu.ar\/medidas\/wp-json\/wp\/v2\/pages\/1201\/revisions\/1733"}],"wp:attachment":[{"href":"https:\/\/catedra.ing.unlp.edu.ar\/medidas\/wp-json\/wp\/v2\/media?parent=1201"}],"curies":[{"name":"wp","href":"https:\/\/api.w.org\/{rel}","templated":true}]}}