{"id":131,"date":"2016-05-02T19:11:59","date_gmt":"2016-05-02T19:11:59","guid":{"rendered":"http:\/\/catedra.ing.unlp.edu.ar\/medidas\/?page_id=131"},"modified":"2019-08-06T10:24:55","modified_gmt":"2019-08-06T13:24:55","slug":"programa-de-la-materia","status":"publish","type":"page","link":"https:\/\/catedra.ing.unlp.edu.ar\/medidas\/informacion-para-alumnos\/programa-de-la-materia\/","title":{"rendered":"Programa de la materia"},"content":{"rendered":"<h6 align=\"center\"><strong><span style=\"font-size: xx-large;\">MEDIDAS EL\u00c9CTRICAS<\/span><\/strong><\/h6>\n<p><strong>Error e Incertidumbre de Medici\u00f3n<\/strong><br \/>\nEl concepto de medici\u00f3n. Error e Incertidumbre de medici\u00f3n. Magnitudes de influencia. Cifras significativas. Error relativo. Error l\u00edmite. Exactitud y precisi\u00f3n. Clasificaci\u00f3n de errores. Propagaci\u00f3n de errores. Repetibilidad de corto t\u00e9rmino. Estad\u00edstica aplicada a los errores de medida. Intervalos de confianza. Estimaci\u00f3n de la incertidumbre en mediciones directas e indirectas, \u00fanicas y repetidas. Modos usuales de expresi\u00f3n de resultados. Tolerancias. Ejemplos de aplicaci\u00f3n.<\/p>\n<p><strong>Instrumentos Indicadores<\/strong><br \/>\nClasificaci\u00f3n de los instrumentos el\u00e9ctricos indicadores. Caracter\u00edsticas b\u00e1sicas de los aparatos indicadores anal\u00f3gicos. Generalidades sobre instrumentos de im\u00e1n permanente y bobina m\u00f3vil, y de hierro m\u00f3vil. Lectura de un aparato anal\u00f3gico. Caracter\u00edsticas b\u00e1sicas de la presentaci\u00f3n de un aparato digital. Expresi\u00f3n de sus errores. Resoluci\u00f3n de un instrumento. Interpretaci\u00f3n de especificaciones t\u00e9cnicas de instrumentos indicadores. Ejemplos de aplicaci\u00f3n.<\/p>\n<p><strong>Seguridad e Higiene en Mediciones El\u00e9ctricas<\/strong><br \/>\nNociones b\u00e1sicas de Seguridad e Higiene en Mediciones El\u00e9ctricas.<\/p>\n<p><strong>M\u00e9todos de Medida<\/strong><br \/>\nIdeas b\u00e1sicas sobre m\u00e9todos de medida. Mediciones directas e indirectas. M\u00e9todos de medida de cero y deflexi\u00f3n. Error de inserci\u00f3n. M\u00e9todo de oposici\u00f3n. El concepto de sensibilidad en los m\u00e9todos de cero. Volt\u00edmetro diferencial. M\u00e9todo del volt\u00edmetro y el amper\u00edmetro. Caracterizaci\u00f3n y medici\u00f3n de resistores de muy bajo y muy alto valor. Generalidades de los puentes de Wheatstone y Thomson. Ejemplos de aplicaci\u00f3n.<\/p>\n<p><strong>Instrumentos Digitales<\/strong><br \/>\nDiagrama en bloques de un Instrumento Digital. Conversi\u00f3n Anal\u00f3gico-Digital. Errores de digitalizaci\u00f3n. T\u00e9cnicas de conversi\u00f3n A\/D. Breve introducci\u00f3n a los conversores D\/A. Conversores A\/D integradores y no integradores. Instrumentos digitales para la medici\u00f3n de fen\u00f3menos lentos de continua (tensi\u00f3n, corriente y resistencia). Medici\u00f3n de se\u00f1ales alternas. Detectores de valor medio y valor eficaz verdadero. Errores de forma de onda. Errores debidos a se\u00f1ales de modo normal o serie y com\u00fan. Ejemplos de aplicaci\u00f3n.<\/p>\n<p><strong>Medici\u00f3n de Potencia en Corriente Alterna en Sistemas Monof\u00e1sicos y Trif\u00e1sicos<\/strong><br \/>\nMedici\u00f3n de potencia activa en corriente alterna. Generalidades de vat\u00edmetros electrodin\u00e1micos. Medici\u00f3n de potencia activa en sistemas trif\u00e1sicos, trifilares y tetrafilares. Medici\u00f3n de potencia reactiva. Medici\u00f3n de impedancias. Generalidades de la medici\u00f3n de energ\u00eda. Transformadores de medida de corriente (T.A.) y de tensi\u00f3n (T.V.): modelos, datos caracter\u00edsticos y esquemas de conexi\u00f3n. Pinzas amperom\u00e9tricas. Bobina de Rogowski. Analizadores de Potencia. Ejemplos de aplicaci\u00f3n.<\/p>\n<p><strong>Osciloscopios<\/strong><br \/>\nGeneralidades. Diagrama en bloques de osciloscopios anal\u00f3gicos y digitales. An\u00e1lisis de las diferentes secciones. Puntas de prueba pasivas. Ancho de banda y tiempo de subida. Velocidad de muestreo, longitud de registro y memoria de osciloscopios digitales. T\u00e9cnicas de presentaci\u00f3n. \u201cAliasing\u201d. Interpretaci\u00f3n de especificaciones t\u00e9cnicas de osciloscopios. Ejemplos de aplicaci\u00f3n.<\/p>\n<p><strong>Errores debidos a Se\u00f1ales Interferencia en Sistemas de Medida<\/strong><br \/>\nSe\u00f1ales de interferencia externas a un sistema de medida. Acoplamientos resistivo, inductivo y capacitivo. T\u00e9cnicas de guarda, aislaci\u00f3n y blindajes de sistemas de medida. Ejemplos de aplicaci\u00f3n.<\/p>\n<p><strong>Sistemas de Instrumentaci\u00f3n Virtual<\/strong><br \/>\nGeneralidades sobre sistemas de Instrumentaci\u00f3n Virtual.<\/p>\n","protected":false},"excerpt":{"rendered":"<p>MEDIDAS EL\u00c9CTRICAS Error e Incertidumbre de Medici\u00f3n El concepto de medici\u00f3n. Error e Incertidumbre de medici\u00f3n. Magnitudes de influencia. Cifras significativas. Error relativo. Error l\u00edmite. Exactitud y precisi\u00f3n. Clasificaci\u00f3n de errores. Propagaci\u00f3n de errores. Repetibilidad de corto t\u00e9rmino. Estad\u00edstica aplicada a los errores de medida. Intervalos de confianza. Estimaci\u00f3n de [&hellip;]<\/p>\n","protected":false},"author":2,"featured_media":0,"parent":83,"menu_order":6,"comment_status":"closed","ping_status":"closed","template":"","meta":{"_monsterinsights_skip_tracking":false,"_monsterinsights_sitenote_active":false,"_monsterinsights_sitenote_note":"","_monsterinsights_sitenote_category":0,"_themeisle_gutenberg_block_has_review":false,"footnotes":""},"class_list":["post-131","page","type-page","status-publish","hentry"],"aioseo_notices":[],"_links":{"self":[{"href":"https:\/\/catedra.ing.unlp.edu.ar\/medidas\/wp-json\/wp\/v2\/pages\/131","targetHints":{"allow":["GET"]}}],"collection":[{"href":"https:\/\/catedra.ing.unlp.edu.ar\/medidas\/wp-json\/wp\/v2\/pages"}],"about":[{"href":"https:\/\/catedra.ing.unlp.edu.ar\/medidas\/wp-json\/wp\/v2\/types\/page"}],"author":[{"embeddable":true,"href":"https:\/\/catedra.ing.unlp.edu.ar\/medidas\/wp-json\/wp\/v2\/users\/2"}],"replies":[{"embeddable":true,"href":"https:\/\/catedra.ing.unlp.edu.ar\/medidas\/wp-json\/wp\/v2\/comments?post=131"}],"version-history":[{"count":2,"href":"https:\/\/catedra.ing.unlp.edu.ar\/medidas\/wp-json\/wp\/v2\/pages\/131\/revisions"}],"predecessor-version":[{"id":375,"href":"https:\/\/catedra.ing.unlp.edu.ar\/medidas\/wp-json\/wp\/v2\/pages\/131\/revisions\/375"}],"up":[{"embeddable":true,"href":"https:\/\/catedra.ing.unlp.edu.ar\/medidas\/wp-json\/wp\/v2\/pages\/83"}],"wp:attachment":[{"href":"https:\/\/catedra.ing.unlp.edu.ar\/medidas\/wp-json\/wp\/v2\/media?parent=131"}],"curies":[{"name":"wp","href":"https:\/\/api.w.org\/{rel}","templated":true}]}}