{"id":147,"date":"2016-05-02T19:19:40","date_gmt":"2016-05-02T19:19:40","guid":{"rendered":"http:\/\/catedra.ing.unlp.edu.ar\/medidas\/?page_id=147"},"modified":"2022-03-07T10:06:37","modified_gmt":"2022-03-07T13:06:37","slug":"publicaciones","status":"publish","type":"page","link":"https:\/\/catedra.ing.unlp.edu.ar\/medidas\/publicaciones\/","title":{"rendered":"Publicaciones"},"content":{"rendered":"<ul>\n<li><em>Gu\u00eda de Estudios.<\/em><\/li>\n<\/ul>\n<p><a href=\"https:\/\/catedra.ing.unlp.edu.ar\/medidas\/wp-content\/uploads\/2020\/08\/Cap_01_Errores-de-Medicion.pdf\">Cap\u00edtulo 1 &#8211; Errores de Medici\u00f3n<\/a><\/p>\n<p><a href=\"https:\/\/catedra.ing.unlp.edu.ar\/medidas\/wp-content\/uploads\/2020\/08\/Cap_02_Instrumentos-Indicadores.pdf\">Cap\u00edtulo 2 &#8211; Instrumentos Indicadores<\/a><\/p>\n<p><a href=\"https:\/\/catedra.ing.unlp.edu.ar\/medidas\/wp-content\/uploads\/2020\/08\/Cap_03_Metodos-de-Medida.pdf\">Cap\u00edtulo 3 &#8211; M\u00e9todos de Medida<\/a><\/p>\n<p><a href=\"https:\/\/catedra.ing.unlp.edu.ar\/medidas\/wp-content\/uploads\/2020\/08\/Cap_04_Puentes-de-Corriente-Continua.pdf\">Cap\u00edtulo 4 &#8211; Puentes de Corriente Continua<\/a><\/p>\n<p><a href=\"https:\/\/catedra.ing.unlp.edu.ar\/medidas\/wp-content\/uploads\/2020\/08\/Cap_05_Puentes-de-Corriente-Alterna_Corregido.pdf\">Cap\u00edtulo 5 &#8211; Puentes de Corriente Alterna<\/a><\/p>\n<p><a href=\"https:\/\/catedra.ing.unlp.edu.ar\/medidas\/wp-content\/uploads\/2019\/08\/Cap_06_-Instrumentos-Electrodin\u00e1micos-Potencia.pdf\">Cap\u00edtulo 6 &#8211; Instrumentos Electrodin\u00e1micos y Medici\u00f3n de Potencia<\/a><\/p>\n<p><a href=\"https:\/\/catedra.ing.unlp.edu.ar\/medidas\/wp-content\/uploads\/2019\/08\/Cap_07_Transformadores-de-Medida.pdf\">Cap\u00edtulo 7 &#8211; Transformadores de Medida<\/a><\/p>\n<p><a href=\"https:\/\/catedra.ing.unlp.edu.ar\/medidas\/wp-content\/uploads\/2019\/08\/Cap_08_Osciloscopios-Anal\u00f3gicos.pdf\">Cap\u00edtulo 8 &#8211; Osciloscopios Anal\u00f3gicos<\/a><\/p>\n<p><a href=\"https:\/\/catedra.ing.unlp.edu.ar\/medidas\/wp-content\/uploads\/2019\/08\/Cap_09_Instrumentos-Digitales.pdf\">Cap\u00edtulo 9 &#8211; Instrumentos Digitales<\/a><\/p>\n<p><a href=\"https:\/\/catedra.ing.unlp.edu.ar\/medidas\/wp-content\/uploads\/2019\/08\/Cap_10_Conversi\u00f3n-AD.pdf\">Cap\u00edtulo 10 &#8211; Conversi\u00f3n Anal\u00f3gica-Digital<\/a><\/p>\n<p><a href=\"https:\/\/catedra.ing.unlp.edu.ar\/medidas\/wp-content\/uploads\/2019\/08\/Cap_11_Organizaci\u00f3n-Instrumentos-Digitales-.pdf\">Cap\u00edtulo 11 &#8211; Organizaci\u00f3n de Instrumentos Digitales<\/a><\/p>\n<p><a href=\"https:\/\/catedra.ing.unlp.edu.ar\/medidas\/wp-content\/uploads\/2020\/08\/Cap_12_Medicion-Electronica-Energia-Osciloscopios-Digitales.pdf\">Cap\u00edtulo 12 &#8211; Medici\u00f3n Electr\u00f3nica de Energ\u00eda &#8211; Osciloscopios Digitales<\/a><\/p>\n<p><a href=\"https:\/\/catedra.ing.unlp.edu.ar\/medidas\/wp-content\/uploads\/2020\/08\/Cap_13_Trasductores-de-Temperatura.pdf\">Cap\u00edtulo 13 &#8211; Trasductores de Temperatura<\/a><\/p>\n<p><a href=\"https:\/\/catedra.ing.unlp.edu.ar\/medidas\/wp-content\/uploads\/2020\/08\/Cap_14_Errores-por-Senales-Espurias.pdf\">Cap\u00edtulo 14 &#8211; Errores debidos a Se\u00f1ales Espurias<\/a><\/p>\n<p><a href=\"https:\/\/catedra.ing.unlp.edu.ar\/medidas\/wp-content\/uploads\/2019\/08\/Guia-de-Estudios-Fe-de-Erratas-2014.pdf\">Fe de Erratas de la Gu\u00eda de Estudios &#8211; 2014<\/a><\/p>\n<ul>\n<li><a href=\"https:\/\/catedra.ing.unlp.edu.ar\/medidas\/wp-content\/uploads\/2022\/03\/D3P_Incertidumbre.pdf\"><em>Introducci\u00f3n a la Incertidumbre en las Mediciones seg\u00fan la Gu\u00eda del Comit\u00e9 Internacional de Pesas y Medidas<\/em><\/a><\/li>\n<\/ul>\n\n\n<p><\/p>\n","protected":false},"excerpt":{"rendered":"<p>Gu\u00eda de Estudios. Cap\u00edtulo 1 &#8211; Errores de Medici\u00f3n Cap\u00edtulo 2 &#8211; Instrumentos Indicadores Cap\u00edtulo 3 &#8211; M\u00e9todos de Medida Cap\u00edtulo 4 &#8211; Puentes de Corriente Continua Cap\u00edtulo 5 &#8211; Puentes de Corriente Alterna Cap\u00edtulo 6 &#8211; Instrumentos Electrodin\u00e1micos y Medici\u00f3n de Potencia Cap\u00edtulo 7 &#8211; Transformadores de Medida Cap\u00edtulo [&hellip;]<\/p>\n","protected":false},"author":2,"featured_media":0,"parent":0,"menu_order":0,"comment_status":"closed","ping_status":"closed","template":"","meta":{"_monsterinsights_skip_tracking":false,"_monsterinsights_sitenote_active":false,"_monsterinsights_sitenote_note":"","_monsterinsights_sitenote_category":0,"_themeisle_gutenberg_block_has_review":false,"footnotes":""},"class_list":["post-147","page","type-page","status-publish","hentry"],"aioseo_notices":[],"_links":{"self":[{"href":"https:\/\/catedra.ing.unlp.edu.ar\/medidas\/wp-json\/wp\/v2\/pages\/147","targetHints":{"allow":["GET"]}}],"collection":[{"href":"https:\/\/catedra.ing.unlp.edu.ar\/medidas\/wp-json\/wp\/v2\/pages"}],"about":[{"href":"https:\/\/catedra.ing.unlp.edu.ar\/medidas\/wp-json\/wp\/v2\/types\/page"}],"author":[{"embeddable":true,"href":"https:\/\/catedra.ing.unlp.edu.ar\/medidas\/wp-json\/wp\/v2\/users\/2"}],"replies":[{"embeddable":true,"href":"https:\/\/catedra.ing.unlp.edu.ar\/medidas\/wp-json\/wp\/v2\/comments?post=147"}],"version-history":[{"count":12,"href":"https:\/\/catedra.ing.unlp.edu.ar\/medidas\/wp-json\/wp\/v2\/pages\/147\/revisions"}],"predecessor-version":[{"id":1223,"href":"https:\/\/catedra.ing.unlp.edu.ar\/medidas\/wp-json\/wp\/v2\/pages\/147\/revisions\/1223"}],"wp:attachment":[{"href":"https:\/\/catedra.ing.unlp.edu.ar\/medidas\/wp-json\/wp\/v2\/media?parent=147"}],"curies":[{"name":"wp","href":"https:\/\/api.w.org\/{rel}","templated":true}]}}