{"id":19,"date":"2016-05-02T04:17:52","date_gmt":"2016-05-02T04:17:52","guid":{"rendered":"http:\/\/catedra.ing.unlp.edu.ar\/medidas\/?page_id=19"},"modified":"2016-05-02T04:17:52","modified_gmt":"2016-05-02T04:17:52","slug":"un-poco-de-historia","status":"publish","type":"page","link":"https:\/\/catedra.ing.unlp.edu.ar\/medidas\/un-poco-de-historia\/","title":{"rendered":"Un poco de historia"},"content":{"rendered":"<p align=\"CENTER\"><span style=\"font-size: x-large;\">Breve historia de la C\u00e1tedra de Medidas El\u00e9ctricas<\/span><\/p>\n<p align=\"JUSTIFY\">\u00a0\u00a0\u00a0\u00a0\u00a0\u00a0\u00a0 La C\u00e1tedra de Medidas El\u00e9ctricas es probablemente una de las m\u00e1s antiguas del Departamento de Electrotecnia de nuestra Facultad. La primera referencia a ella la encontramos en el \u00abAnuario para el a\u00f1o 1930\u00bb, N\u00ba 20, de la Facultad de Ciencias Fisicomatem\u00e1ticas de la Universidad Nacional de La Plata, p\u00e1ginas 5 y 6, en las que se cita, dentro de la carrera de Ingenier\u00eda Mec\u00e1nica y Electricista, por primera vez a la asignatura \u00abInstrumentos y Mediciones\u00bb, antecesora de la actual, siendo su profesor interino el Ing. Adolfo Garbet, a la saz\u00f3n Jefe del Departamento de Electrotecnia. La materia se ubicaba en el tercer a\u00f1o de la carrera, siendo su carga horaria de 2 horas de teor\u00eda por semana y 4 de pr\u00e1ctica. El programa abarcaba desde los conceptos generales de mediciones hasta las \u00abmediciones cient\u00edficas e industriales en circuitos magn\u00e9ticos a corriente continua y corriente alternada\u00bb (p\u00e1g. 41, op.cit.).<\/p>\n<p align=\"JUSTIFY\">\u00a0\u00a0\u00a0\u00a0\u00a0\u00a0\u00a0 A partir del a\u00f1o 1931 se hace cargo de la materia el Ing. Juan Sabato, inicialmente como Profesor Interino, y a partir de 1932 como titular, iniciando la que probablemente sea una de las carreras m\u00e1s largas en nuestra Facultad, pues se desempe\u00f1\u00f3 en forma ininterrumpida como Profesor de la asignatura hasta alcanzar su retiro, como Profesor Em\u00e9rito, en el a\u00f1o 1978, sumando m\u00e1s de cincuenta a\u00f1os en la docencia universitaria.<\/p>\n<p align=\"JUSTIFY\">\u00a0\u00a0\u00a0\u00a0\u00a0\u00a0\u00a0 Desde 1979 hasta 1987 se desempe\u00f1\u00f3 como Profesor Titular el Ing. Am\u00e9rico O. Boero.<\/p>\n<p align=\"JUSTIFY\">\u00a0\u00a0\u00a0\u00a0\u00a0\u00a0\u00a0 Desde 1988 hasta agosto de 2011 fue Profesor Titular el Ing. Jorge L. Damp\u00e9.<\/p>\n<hr \/>\n<p align=\"CENTER\"><span style=\"font-size: large;\">\u00a0<\/span><span style=\"font-size: x-large;\">Instrumental con historia<\/span><\/p>\n<p align=\"JUSTIFY\">\u00a0\u00a0\u00a0\u00a0\u00a0\u00a0\u00a0 En el pa\u00f1ol de la C\u00e1tedra se conservan algunos instrumentos que en la actualidad poseen un interesante valor hist\u00f3rico, pues se hallan en perfecto estado de funcionamiento, y con sus prestaciones originales. Entre ellos cabe citar:<\/p>\n<ul>\n<li>Galvan\u00f3metro de espejo para montaje en pared, Siemens, con su sistema \u00f3ptico completo, y sistema de pesas para cambiar su per\u00edodo propio, a\u00f1o de construcci\u00f3n: alrededor de 1925.<\/li>\n<li>Compensador tipo Raps, con su tablero mural, tambi\u00e9n de esa fecha estimada de construcci\u00f3n, y de marca similar al anterior.<\/li>\n<li>Puentes Siemens, de Wheatstone y de Thomson, con fechas de fabricaci\u00f3n similares a los anteriores.<\/li>\n<li>Volt\u00edmetro General Electric, clase 0,4, para continua y alterna, a\u00f1o 1920.<\/li>\n<\/ul>\n","protected":false},"excerpt":{"rendered":"<p>Breve historia de la C\u00e1tedra de Medidas El\u00e9ctricas \u00a0\u00a0\u00a0\u00a0\u00a0\u00a0\u00a0 La C\u00e1tedra de Medidas El\u00e9ctricas es probablemente una de las m\u00e1s antiguas del Departamento de Electrotecnia de nuestra Facultad. La primera referencia a ella la encontramos en el \u00abAnuario para el a\u00f1o 1930\u00bb, N\u00ba 20, de la Facultad de Ciencias Fisicomatem\u00e1ticas [&hellip;]<\/p>\n","protected":false},"author":2,"featured_media":0,"parent":0,"menu_order":0,"comment_status":"closed","ping_status":"closed","template":"","meta":{"_monsterinsights_skip_tracking":false,"_monsterinsights_sitenote_active":false,"_monsterinsights_sitenote_note":"","_monsterinsights_sitenote_category":0,"_themeisle_gutenberg_block_has_review":false,"footnotes":""},"class_list":["post-19","page","type-page","status-publish","hentry"],"aioseo_notices":[],"_links":{"self":[{"href":"https:\/\/catedra.ing.unlp.edu.ar\/medidas\/wp-json\/wp\/v2\/pages\/19","targetHints":{"allow":["GET"]}}],"collection":[{"href":"https:\/\/catedra.ing.unlp.edu.ar\/medidas\/wp-json\/wp\/v2\/pages"}],"about":[{"href":"https:\/\/catedra.ing.unlp.edu.ar\/medidas\/wp-json\/wp\/v2\/types\/page"}],"author":[{"embeddable":true,"href":"https:\/\/catedra.ing.unlp.edu.ar\/medidas\/wp-json\/wp\/v2\/users\/2"}],"replies":[{"embeddable":true,"href":"https:\/\/catedra.ing.unlp.edu.ar\/medidas\/wp-json\/wp\/v2\/comments?post=19"}],"version-history":[{"count":1,"href":"https:\/\/catedra.ing.unlp.edu.ar\/medidas\/wp-json\/wp\/v2\/pages\/19\/revisions"}],"predecessor-version":[{"id":20,"href":"https:\/\/catedra.ing.unlp.edu.ar\/medidas\/wp-json\/wp\/v2\/pages\/19\/revisions\/20"}],"wp:attachment":[{"href":"https:\/\/catedra.ing.unlp.edu.ar\/medidas\/wp-json\/wp\/v2\/media?parent=19"}],"curies":[{"name":"wp","href":"https:\/\/api.w.org\/{rel}","templated":true}]}}