{"id":193,"date":"2016-05-13T01:49:50","date_gmt":"2016-05-13T01:49:50","guid":{"rendered":"http:\/\/catedra.ing.unlp.edu.ar\/medidas\/?page_id=193"},"modified":"2021-08-20T17:21:21","modified_gmt":"2021-08-20T20:21:21","slug":"contacto","status":"publish","type":"page","link":"https:\/\/catedra.ing.unlp.edu.ar\/medidas\/contacto\/","title":{"rendered":"Contacto"},"content":{"rendered":"<p>Para realizar consultas a la c\u00e1tedra, complete y env\u00ede el siguiente formulario o escr\u00edbanos a:<\/p>\n<p><a href=\"mailto:medidas-web@ing.unlp.edu.ar\">medidas-web@ing.unlp.edu.ar<\/a>.<\/p>\n<p>Solamente se responder\u00e1n las consultas relacionadas con alg\u00fan punto espec\u00edfico de la materia. En ning\u00fan caso se resolver\u00e1n problemas de las pr\u00e1cticas.<\/p>\n<p>Si lo que se desea es conocer la nota de alg\u00fan parcial, por favor, <a href=\"\/medidas\/notas\/\">presione aqu\u00ed<\/a>.<\/p>\n\n<div class=\"wpcf7 no-js\" id=\"wpcf7-f191-o1\" lang=\"es-ES\" dir=\"ltr\" data-wpcf7-id=\"191\">\n<div class=\"screen-reader-response\"><p role=\"status\" aria-live=\"polite\" aria-atomic=\"true\"><\/p> <ul><\/ul><\/div>\n<form action=\"\/medidas\/wp-json\/wp\/v2\/pages\/193#wpcf7-f191-o1\" method=\"post\" class=\"wpcf7-form init\" aria-label=\"Formulario de contacto\" novalidate=\"novalidate\" data-status=\"init\">\n<fieldset class=\"hidden-fields-container\"><input type=\"hidden\" name=\"_wpcf7\" value=\"191\" \/><input type=\"hidden\" name=\"_wpcf7_version\" value=\"6.1.5\" \/><input type=\"hidden\" name=\"_wpcf7_locale\" value=\"es_ES\" \/><input type=\"hidden\" name=\"_wpcf7_unit_tag\" value=\"wpcf7-f191-o1\" \/><input type=\"hidden\" name=\"_wpcf7_container_post\" value=\"0\" \/><input type=\"hidden\" name=\"_wpcf7_posted_data_hash\" value=\"\" \/><input type=\"hidden\" name=\"_wpcf7_recaptcha_response\" value=\"\" \/>\n<\/fieldset>\n<p>Nombre (requerido)\n<\/p>\n<p><span class=\"wpcf7-form-control-wrap\" data-name=\"your-name\"><input size=\"40\" maxlength=\"400\" class=\"wpcf7-form-control wpcf7-text wpcf7-validates-as-required\" aria-required=\"true\" aria-invalid=\"false\" value=\"\" type=\"text\" name=\"your-name\" \/><\/span>\n<\/p>\n<p>Correo electr\u00f3nico (requerido)\n<\/p>\n<p><span class=\"wpcf7-form-control-wrap\" data-name=\"your-email\"><input size=\"40\" maxlength=\"400\" class=\"wpcf7-form-control wpcf7-email wpcf7-validates-as-required wpcf7-text wpcf7-validates-as-email\" aria-required=\"true\" aria-invalid=\"false\" value=\"\" type=\"email\" name=\"your-email\" \/><\/span>\n<\/p>\n<p>Tipo de consulta\n<\/p>\n<p><span class=\"wpcf7-form-control-wrap\" data-name=\"your-subject\"><input size=\"40\" maxlength=\"400\" class=\"wpcf7-form-control wpcf7-text\" aria-invalid=\"false\" value=\"\" type=\"text\" name=\"your-subject\" \/><\/span>\n<\/p>\n<p>Consulta\n<\/p>\n<p><span class=\"wpcf7-form-control-wrap\" data-name=\"your-message\"><textarea cols=\"40\" rows=\"10\" maxlength=\"2000\" class=\"wpcf7-form-control wpcf7-textarea\" aria-invalid=\"false\" name=\"your-message\"><\/textarea><\/span>\n<\/p>\n<p><input class=\"wpcf7-form-control wpcf7-submit has-spinner\" type=\"submit\" value=\"Enviar\" \/>\n<\/p><div class=\"wpcf7-response-output\" aria-hidden=\"true\"><\/div>\n<\/form>\n<\/div>\n\n","protected":false},"excerpt":{"rendered":"<p>Para realizar consultas a la c\u00e1tedra, complete y env\u00ede el siguiente formulario o escr\u00edbanos a: medidas-web@ing.unlp.edu.ar. Solamente se responder\u00e1n las consultas relacionadas con alg\u00fan punto espec\u00edfico de la materia. En ning\u00fan caso se resolver\u00e1n problemas de las pr\u00e1cticas. Si lo que se desea es conocer la nota de alg\u00fan parcial, [&hellip;]<\/p>\n","protected":false},"author":2,"featured_media":0,"parent":0,"menu_order":0,"comment_status":"closed","ping_status":"closed","template":"","meta":{"_monsterinsights_skip_tracking":false,"_monsterinsights_sitenote_active":false,"_monsterinsights_sitenote_note":"","_monsterinsights_sitenote_category":0,"_themeisle_gutenberg_block_has_review":false,"footnotes":""},"class_list":["post-193","page","type-page","status-publish","hentry"],"aioseo_notices":[],"_links":{"self":[{"href":"https:\/\/catedra.ing.unlp.edu.ar\/medidas\/wp-json\/wp\/v2\/pages\/193","targetHints":{"allow":["GET"]}}],"collection":[{"href":"https:\/\/catedra.ing.unlp.edu.ar\/medidas\/wp-json\/wp\/v2\/pages"}],"about":[{"href":"https:\/\/catedra.ing.unlp.edu.ar\/medidas\/wp-json\/wp\/v2\/types\/page"}],"author":[{"embeddable":true,"href":"https:\/\/catedra.ing.unlp.edu.ar\/medidas\/wp-json\/wp\/v2\/users\/2"}],"replies":[{"embeddable":true,"href":"https:\/\/catedra.ing.unlp.edu.ar\/medidas\/wp-json\/wp\/v2\/comments?post=193"}],"version-history":[{"count":2,"href":"https:\/\/catedra.ing.unlp.edu.ar\/medidas\/wp-json\/wp\/v2\/pages\/193\/revisions"}],"predecessor-version":[{"id":1060,"href":"https:\/\/catedra.ing.unlp.edu.ar\/medidas\/wp-json\/wp\/v2\/pages\/193\/revisions\/1060"}],"wp:attachment":[{"href":"https:\/\/catedra.ing.unlp.edu.ar\/medidas\/wp-json\/wp\/v2\/media?parent=193"}],"curies":[{"name":"wp","href":"https:\/\/api.w.org\/{rel}","templated":true}]}}