{"id":21,"date":"2016-05-02T14:46:55","date_gmt":"2016-05-02T14:46:55","guid":{"rendered":"http:\/\/catedra.ing.unlp.edu.ar\/medidas\/?page_id=21"},"modified":"2026-02-25T17:41:03","modified_gmt":"2026-02-25T20:41:03","slug":"personal-de-la-catedra","status":"publish","type":"page","link":"https:\/\/catedra.ing.unlp.edu.ar\/medidas\/personal-de-la-catedra\/","title":{"rendered":"Personal de la Asignatura"},"content":{"rendered":"<ul style=\"list-style-type: square;\">\n<li><strong>Profesor Titular<\/strong><\/li>\n<\/ul>\n<ul style=\"list-style-type: circle;\">\n<li>DIAS, Ricardo<\/li>\n<\/ul>\n<ul style=\"list-style-type: square;\">\n<li><strong>Profesor Adjunto<\/strong><\/li>\n<\/ul>\n<ul style=\"list-style-type: circle;\">\n<li>ARROJO, Carlos D.<\/li>\n<\/ul>\n<ul style=\"list-style-type: square;\">\n<li><strong>Jefes de Trabajos Pr\u00e1cticos<\/strong><\/li>\n<\/ul>\n<ul style=\"list-style-type: circle;\">\n<li>IXTAINA, Pablo<\/li>\n<li>NASTTA, Hern\u00e1n A.<\/li>\n<li>HERLEIN, Mat\u00edas E.<\/li>\n<\/ul>\n<ul style=\"list-style-type: square;\">\n<li><strong>Ayudantes Diplomados<\/strong><\/li>\n<\/ul>\n<ul style=\"list-style-type: circle;\">\n<li>GODOY MART\u00cdN, Claudio M.<\/li>\n<li>N\u00da\u00d1EZ, Francisco<\/li>\n<\/ul>\n<ul style=\"list-style-type: square;\">\n<li><strong>Ayudantes Alumnos<\/strong><\/li>\n<\/ul>\n<ul style=\"list-style-type: circle;\">\n<li>HERRERA, Christian Y.<\/li>\n<li>AYALA, C. Eduardo<\/li>\n<li>IRIART, Ignacio A.<\/li>\n<\/ul>\n","protected":false},"excerpt":{"rendered":"<p>Profesor Titular DIAS, Ricardo Profesor Adjunto ARROJO, Carlos D. Jefes de Trabajos Pr\u00e1cticos IXTAINA, Pablo NASTTA, Hern\u00e1n A. HERLEIN, Mat\u00edas E. Ayudantes Diplomados GODOY MART\u00cdN, Claudio M. N\u00da\u00d1EZ, Francisco Ayudantes Alumnos HERRERA, Christian Y. AYALA, C. Eduardo IRIART, Ignacio A.<\/p>\n","protected":false},"author":2,"featured_media":0,"parent":0,"menu_order":0,"comment_status":"closed","ping_status":"closed","template":"","meta":{"_monsterinsights_skip_tracking":false,"_monsterinsights_sitenote_active":false,"_monsterinsights_sitenote_note":"","_monsterinsights_sitenote_category":0,"_themeisle_gutenberg_block_has_review":false,"footnotes":""},"class_list":["post-21","page","type-page","status-publish","hentry"],"aioseo_notices":[],"_links":{"self":[{"href":"https:\/\/catedra.ing.unlp.edu.ar\/medidas\/wp-json\/wp\/v2\/pages\/21","targetHints":{"allow":["GET"]}}],"collection":[{"href":"https:\/\/catedra.ing.unlp.edu.ar\/medidas\/wp-json\/wp\/v2\/pages"}],"about":[{"href":"https:\/\/catedra.ing.unlp.edu.ar\/medidas\/wp-json\/wp\/v2\/types\/page"}],"author":[{"embeddable":true,"href":"https:\/\/catedra.ing.unlp.edu.ar\/medidas\/wp-json\/wp\/v2\/users\/2"}],"replies":[{"embeddable":true,"href":"https:\/\/catedra.ing.unlp.edu.ar\/medidas\/wp-json\/wp\/v2\/comments?post=21"}],"version-history":[{"count":24,"href":"https:\/\/catedra.ing.unlp.edu.ar\/medidas\/wp-json\/wp\/v2\/pages\/21\/revisions"}],"predecessor-version":[{"id":1778,"href":"https:\/\/catedra.ing.unlp.edu.ar\/medidas\/wp-json\/wp\/v2\/pages\/21\/revisions\/1778"}],"wp:attachment":[{"href":"https:\/\/catedra.ing.unlp.edu.ar\/medidas\/wp-json\/wp\/v2\/media?parent=21"}],"curies":[{"name":"wp","href":"https:\/\/api.w.org\/{rel}","templated":true}]}}