{"id":43,"date":"2016-05-02T15:18:36","date_gmt":"2016-05-02T15:18:36","guid":{"rendered":"http:\/\/catedra.ing.unlp.edu.ar\/medidas\/?page_id=43"},"modified":"2026-03-23T13:56:58","modified_gmt":"2026-03-23T16:56:58","slug":"inicio","status":"publish","type":"page","link":"https:\/\/catedra.ing.unlp.edu.ar\/medidas\/","title":{"rendered":"Inicio"},"content":{"rendered":"\n\n<div class=\"su-posts su-posts-default-loop \">\n\n\t\n\t\t\t\t\t\n\t\t\t\n\t\t\t<div id=\"su-post-1850\" class=\"su-post \">\n\n\t\t\t\t\n\t\t\t\t<h2 class=\"su-post-title\"><a href=\"https:\/\/catedra.ing.unlp.edu.ar\/medidas\/seminario-uso-del-puente-de-wheatstone-16-04-2026\/\">Seminario:  Medici\u00f3n de resistencias con el tradicional puente Wheatstone (16\/04\/2026)<\/a><\/h2>\n\n\t\t\t\t<div class=\"su-post-meta\">\n\t\t\t\t\tPublicado: 15\/Abr\/2026\t\t\t\t<\/div>\n\n\t\t\t\t<div class=\"su-post-excerpt\">\n\t\t\t\t\t<p>Los invitamos a participar del seminario \u201cMedici\u00f3n de resistencias con el tradicional puente Wheatstone\u201d, que se llevar\u00e1 a cabo el d\u00eda 16\/04\/2026 a las 11 hs en el Laboratorio de Medidas El\u00e9ctricas. En el mismo abordaremos conceptos y aplicaciones pr\u00e1cticas. Les recordamos que es necesario inscribirse previamente en el siguiente [&hellip;]<\/p>\n\t\t\t\t<\/div>\n\n\t\t\t\t\n\t\t\t<\/div>\n\n\t\t\t\t\t\n\t\t\t\n\t\t\t<div id=\"su-post-1790\" class=\"su-post \">\n\n\t\t\t\t\n\t\t\t\t<h2 class=\"su-post-title\"><a href=\"https:\/\/catedra.ing.unlp.edu.ar\/medidas\/presentacion-de-temas-del-lunes-02-03-en-forma-virtual\/\">Presentaci\u00f3n de Temas del Lunes 02\/03 en forma virtual<\/a><\/h2>\n\n\t\t\t\t<div class=\"su-post-meta\">\n\t\t\t\t\tPublicado: 01\/Mar\/2026\t\t\t\t<\/div>\n\n\t\t\t\t<div class=\"su-post-excerpt\">\n\t\t\t\t\t<p>La presentaci\u00f3n de temas del lunes 02\/03 se llevar\u00e1 a cabo en forma virtual, a trav\u00e9s de la plataforma Meet. A continuaci\u00f3n se detallan los datos: Medidas El\u00e9ctricas \u2013 D1: Conceptos B\u00e1sicos de Medici\u00f3n. Errores.Lunes 02 de marzo 13:30 h a 15:30 hV\u00ednculo de la videollamada: https:\/\/meet.google.com\/yhx-xkaq-xog Ante cualquier consulta [&hellip;]<\/p>\n\t\t\t\t<\/div>\n\n\t\t\t\t\n\t\t\t<\/div>\n\n\t\t\t\t\t\n\t\t\t\n\t\t\t<div id=\"su-post-1788\" class=\"su-post \">\n\n\t\t\t\t\n\t\t\t\t<h2 class=\"su-post-title\"><a href=\"https:\/\/catedra.ing.unlp.edu.ar\/medidas\/guia-de-problemas-propuestos-sobre-electrotecnia-y-teoria-de-circuitos-2\/\">Gu\u00eda de problemas propuestos sobre Electrotecnia y teor\u00eda de circuitos<\/a><\/h2>\n\n\t\t\t\t<div class=\"su-post-meta\">\n\t\t\t\t\tPublicado: 25\/Feb\/2026\t\t\t\t<\/div>\n\n\t\t\t\t<div class=\"su-post-excerpt\">\n\t\t\t\t\t<p>Se agreg\u00f3 una nueva versi\u00f3n de los ejercicios de repaso de electrotecnia. https:\/\/catedra.ing.unlp.edu.ar\/medidas\/repaso-de-electrotecnia-para-medidas-electricas\/<\/p>\n\t\t\t\t<\/div>\n\n\t\t\t\t\n\t\t\t<\/div>\n\n\t\t\t\t\t\n\t\t\t\n\t\t\t<div id=\"su-post-1752\" class=\"su-post \">\n\n\t\t\t\t\n\t\t\t\t<h2 class=\"su-post-title\"><a href=\"https:\/\/catedra.ing.unlp.edu.ar\/medidas\/presentacion-de-temas-del-miercoles-13-08-en-forma-virtual\/\">Presentaci\u00f3n de Temas del Mi\u00e9rcoles 13\/08 en forma virtual<\/a><\/h2>\n\n\t\t\t\t<div class=\"su-post-meta\">\n\t\t\t\t\tPublicado: 12\/Ago\/2025\t\t\t\t<\/div>\n\n\t\t\t\t<div class=\"su-post-excerpt\">\n\t\t\t\t\t<p>La presentaci\u00f3n de temas del d\u00eda mi\u00e9rcoles 13\/08 se llevar\u00e1 a cabo en forma virtual, a trav\u00e9s de la plataforma Meet. A continuaci\u00f3n se detallan los datos: Medidas El\u00e9ctricas &#8211; D1: Conceptos B\u00e1sicos de Medici\u00f3n. Errores.Mi\u00e9rcoles, 13 agosto \u00b7 1:30 \u2013 3:30pmZona horaria: Am\u00e9rica\/Argentina\/Buenos_AiresInformaci\u00f3n para unirse a la reuni\u00f3n de [&hellip;]<\/p>\n\t\t\t\t<\/div>\n\n\t\t\t\t\n\t\t\t<\/div>\n\n\t\t\t\t\t\n\t\t\t\n\t\t\t<div id=\"su-post-1726\" class=\"su-post \">\n\n\t\t\t\t\n\t\t\t\t<h2 class=\"su-post-title\"><a href=\"https:\/\/catedra.ing.unlp.edu.ar\/medidas\/resultadosevaluaciones\/\">Nota de Evaluaciones y Trabajos Pr\u00e1cticos<\/a><\/h2>\n\n\t\t\t\t<div class=\"su-post-meta\">\n\t\t\t\t\tPublicado: 18\/Jun\/2025\t\t\t\t<\/div>\n\n\t\t\t\t<div class=\"su-post-excerpt\">\n\t\t\t\t\t<p>Ya est\u00e1 disponible para la consulta los resultados de las evaluaciones y la calificaci\u00f3n de los trabajos pr\u00e1cticos.Se puede consultar ingresando ac\u00e1<\/p>\n\t\t\t\t<\/div>\n\n\t\t\t\t\n\t\t\t<\/div>\n\n\t\t\n\t\n<\/div>\n\n","protected":false},"excerpt":{"rendered":"","protected":false},"author":2,"featured_media":0,"parent":0,"menu_order":0,"comment_status":"closed","ping_status":"closed","template":"","meta":{"_monsterinsights_skip_tracking":false,"_monsterinsights_sitenote_active":false,"_monsterinsights_sitenote_note":"","_monsterinsights_sitenote_category":0,"_themeisle_gutenberg_block_has_review":false,"footnotes":""},"class_list":["post-43","page","type-page","status-publish","hentry"],"aioseo_notices":[],"_links":{"self":[{"href":"https:\/\/catedra.ing.unlp.edu.ar\/medidas\/wp-json\/wp\/v2\/pages\/43","targetHints":{"allow":["GET"]}}],"collection":[{"href":"https:\/\/catedra.ing.unlp.edu.ar\/medidas\/wp-json\/wp\/v2\/pages"}],"about":[{"href":"https:\/\/catedra.ing.unlp.edu.ar\/medidas\/wp-json\/wp\/v2\/types\/page"}],"author":[{"embeddable":true,"href":"https:\/\/catedra.ing.unlp.edu.ar\/medidas\/wp-json\/wp\/v2\/users\/2"}],"replies":[{"embeddable":true,"href":"https:\/\/catedra.ing.unlp.edu.ar\/medidas\/wp-json\/wp\/v2\/comments?post=43"}],"version-history":[{"count":26,"href":"https:\/\/catedra.ing.unlp.edu.ar\/medidas\/wp-json\/wp\/v2\/pages\/43\/revisions"}],"predecessor-version":[{"id":1825,"href":"https:\/\/catedra.ing.unlp.edu.ar\/medidas\/wp-json\/wp\/v2\/pages\/43\/revisions\/1825"}],"wp:attachment":[{"href":"https:\/\/catedra.ing.unlp.edu.ar\/medidas\/wp-json\/wp\/v2\/media?parent=43"}],"curies":[{"name":"wp","href":"https:\/\/api.w.org\/{rel}","templated":true}]}}